{"id":1166,"date":"2019-02-06T10:40:14","date_gmt":"2019-02-06T09:40:14","guid":{"rendered":"http:\/\/www.escapechallengemalmedy.be\/se-restaurer\/"},"modified":"2026-04-20T16:51:50","modified_gmt":"2026-04-20T14:51:50","slug":"se-restaurer","status":"publish","type":"page","link":"https:\/\/www.escapechallengemalmedy.be\/de\/se-restaurer\/","title":{"rendered":"Bar und Gastronomie"},"content":{"rendered":"<p>Auf dem Gel\u00e4nde von Intermills stehen unseren hungrigen oder durstigen Detektiven mehrere M\u00f6glichkeiten zur Verf\u00fcgung\u2026 Vor oder nach Ihrer Mission k\u00f6nnen Sie unsere Bar nutzen \u2013 ein gem\u00fctlicher Ort, um Ihre Partie bei einem Getr\u00e4nk Revue passieren zu lassen.<\/p>\n<p>Dort erwarten Sie Cocktails, regionale Biere und erfrischende Softdrinks\u2026 F\u00fcr jeden Geschmack ist etwas dabei, ob zum Feiern eines Erfolgs oder einfach, um den Moment zu verl\u00e4ngern.<\/p>\n<p><a href=\"https:\/\/www.escapechallengemalmedy.be\/wp-content\/uploads\/2025\/06\/CarteBoisson_A5_2025_juin-DEF.pdf\"><strong>&gt; Entdecken Sie unsere Getr\u00e4nkekarte!<\/strong><\/a><\/p>\n<p><img loading=\"lazy\" decoding=\"async\" class=\"alignnone wp-image-18891\" src=\"https:\/\/www.escapechallengemalmedy.be\/wp-content\/uploads\/2025\/04\/Karaoke-0040-005--500x500.jpg\" alt=\"\" width=\"240\" height=\"240\" \/> <img loading=\"lazy\" decoding=\"async\" class=\"alignnone wp-image-18895\" src=\"https:\/\/www.escapechallengemalmedy.be\/wp-content\/uploads\/2025\/04\/Karaoke-0060-007--500x500.jpg\" alt=\"\" width=\"240\" height=\"240\" \/> <img loading=\"lazy\" decoding=\"async\" class=\"alignnone wp-image-18899\" src=\"https:\/\/www.escapechallengemalmedy.be\/wp-content\/uploads\/2025\/04\/Cvisuels-230422-161434-AP202090-500x500.jpg\" alt=\"\" width=\"240\" height=\"240\" \/> <img loading=\"lazy\" decoding=\"async\" class=\"alignnone wp-image-18903\" src=\"https:\/\/www.escapechallengemalmedy.be\/wp-content\/uploads\/2025\/04\/Cvisuels-230422-161341-AP202086-500x500.jpg\" alt=\"\" width=\"240\" height=\"240\" \/><\/p>\n<p>&nbsp;<\/p>\n<p>Haben Sie nach dem Spiel einen kleinen Hunger?\u00a0 Zwei ausgezeichnete Adressen befinden sich nur wenige Schritte entfernt\u2026<\/p>\n<p>&nbsp;<\/p>\n<p><strong>Lust auf einen geselligen Moment in einem Vintage-Ambiente?<\/strong><\/p>\n<p>Die <a href=\"https:\/\/seventy-malmedy.be\/\">Brasserie Seventy<\/a> entf\u00fchrt Sie in die farbenfrohe und warme Atmosph\u00e4re der 70er Jahre. Eine schmackhafte Speisekarte, hochwertige Zutaten und k\u00f6stliche Gerichte\u2026 Das alles in einem retro-inspirierten und entspannten Rahmen, perfekt, um bei einem Aperitif, einer Auswahl an Tapas oder einem klassischen Brasserie-Gericht \u00fcber das Spiel zu plaudern. Der Ort ist ideal f\u00fcr kleine Gruppen ebenso wie f\u00fcr gr\u00f6\u00dfere Gesellschaften.<\/p>\n<p>Reservierungen unter <a href=\"tel:080605180\">+32 (0)80 60 51 80<\/a> oder auf <a href=\"https:\/\/seventy-malmedy.be\/\">https:\/\/seventy-malmedy.be\/<\/a><\/p>\n<p><img loading=\"lazy\" decoding=\"async\" class=\"alignnone wp-image-19210\" src=\"https:\/\/www.escapechallengemalmedy.be\/wp-content\/uploads\/2025\/06\/14072024-GOPS4062-HDR-500x500.jpg\" alt=\"\" width=\"240\" height=\"240\" \/> <img loading=\"lazy\" decoding=\"async\" class=\"alignnone wp-image-19218\" src=\"https:\/\/www.escapechallengemalmedy.be\/wp-content\/uploads\/2025\/06\/IMG_8711-500x500.jpg\" alt=\"\" width=\"240\" height=\"240\" \/> <img loading=\"lazy\" decoding=\"async\" class=\"alignnone wp-image-19236\" src=\"https:\/\/www.escapechallengemalmedy.be\/wp-content\/uploads\/2025\/06\/IMG_7644-1-500x500.jpg\" alt=\"\" width=\"239\" height=\"239\" \/> <img loading=\"lazy\" decoding=\"async\" class=\"alignnone wp-image-19240\" src=\"https:\/\/www.escapechallengemalmedy.be\/wp-content\/uploads\/2025\/06\/IMG_7566-2-500x500.jpg\" alt=\"\" width=\"240\" height=\"240\" \/><\/p>\n<p>&nbsp;<\/p>\n<p><strong>Lust auf feine K\u00fcche in elegantem Ambiente?<\/strong><\/p>\n<p>Das <a href=\"https:\/\/myhotel.be\/de\/restaurant-de\/\">MY HOTEL Restaurant<\/a> empf\u00e4ngt Sie 7 Tage die Woche und bietet eine bistronomische K\u00fcche in einem stilvollen und modernen Rahmen. Vom schmackhaften Mittagessen bis hin zu einem 2- oder 3-G\u00e4nge-Men\u00fc \u2013 Chefkoch Lionel setzt lokale und saisonale Produkte mit Leidenschaft und Kreativit\u00e4t in Szene.<\/p>\n<p>Reservierungen unter <a href=\"tel:080780000\">+32 (0)80 78 00 00<\/a> oder auf <a href=\"https:\/\/myhotel.be\/de\/einen-tisch-reservieren\/\">https:\/\/myhotel.be\/de\/einen-tisch-reservieren\/<\/a><\/p>\n<p><img loading=\"lazy\" decoding=\"async\" class=\"alignnone wp-image-19255\" src=\"https:\/\/www.escapechallengemalmedy.be\/wp-content\/uploads\/2025\/06\/DSC09500-Enhanced-NR-500x500.jpg\" alt=\"\" width=\"240\" height=\"240\" \/> <img loading=\"lazy\" decoding=\"async\" class=\"alignnone wp-image-19263\" src=\"https:\/\/www.escapechallengemalmedy.be\/wp-content\/uploads\/2025\/06\/DSC09650-Enhanced-NR-500x500.jpg\" alt=\"\" width=\"240\" height=\"240\" \/> <img loading=\"lazy\" decoding=\"async\" class=\"alignnone wp-image-19267\" src=\"https:\/\/www.escapechallengemalmedy.be\/wp-content\/uploads\/2025\/06\/DSC09695-Enhanced-NR-500x500.jpg\" alt=\"\" width=\"240\" height=\"240\" \/> <img loading=\"lazy\" decoding=\"async\" class=\"alignnone wp-image-19271\" src=\"https:\/\/www.escapechallengemalmedy.be\/wp-content\/uploads\/2025\/06\/200855246_1899005063601337_1386818685731040494_n-LGEM2201-LGEM2201-500x500.jpg\" alt=\"\" width=\"240\" height=\"240\" \/><\/p>\n<p>&nbsp;<\/p>\n<p><strong>Kommen Sie in einer Gruppe?<\/strong><\/p>\n<p>Ob mit der Familie, Freunden oder Kollegen \u2013 beide Lokale empfangen Sie gerne unter besten Bedingungen. Nehmen Sie direkt Kontakt auf, um einen Tisch zu reservieren oder ein passendes Men\u00fc f\u00fcr Ihren Besuch zu besprechen.<\/p>\n","protected":false},"excerpt":{"rendered":"<p>Auf dem Gel\u00e4nde von Intermills stehen unseren hungrigen oder durstigen [&hellip;]<\/p>\n","protected":false},"author":2,"featured_media":6936,"parent":0,"menu_order":0,"comment_status":"closed","ping_status":"closed","template":"page-gallery.php","meta":{"_acf_changed":false,"footnotes":""},"class_list":["post-1166","page","type-page","status-publish","has-post-thumbnail","hentry"],"acf":[],"yoast_head":"<!-- This site is optimized with the Yoast SEO plugin v27.6 - https:\/\/yoast.com\/product\/yoast-seo-wordpress\/ -->\n<title>Bar und Gastronomie - Escape Challenge<\/title>\n<meta name=\"robots\" content=\"noindex,nofollow\" \/>\n<link rel=\"canonical\" href=\"https:\/\/www.escapechallengemalmedy.be\/de\/se-restaurer\/\" \/>\n<meta property=\"og:locale\" content=\"de_DE\" \/>\n<meta property=\"og:type\" content=\"article\" \/>\n<meta property=\"og:title\" content=\"Bar und Gastronomie - Escape Challenge\" \/>\n<meta property=\"og:description\" content=\"Auf dem Gel\u00e4nde von Intermills stehen unseren hungrigen oder durstigen [&hellip;]\" \/>\n<meta property=\"og:url\" content=\"https:\/\/www.escapechallengemalmedy.be\/de\/se-restaurer\/\" \/>\n<meta property=\"og:site_name\" content=\"Escape Challenge\" \/>\n<meta property=\"article:modified_time\" content=\"2026-04-20T14:51:50+00:00\" \/>\n<meta property=\"og:image\" content=\"https:\/\/www.escapechallengemalmedy.be\/wp-content\/uploads\/2022\/06\/FacebookStudio20_photos3.jpg\" \/>\n\t<meta property=\"og:image:width\" content=\"2362\" \/>\n\t<meta property=\"og:image:height\" content=\"2362\" \/>\n\t<meta property=\"og:image:type\" content=\"image\/jpeg\" \/>\n<meta name=\"twitter:card\" content=\"summary_large_image\" \/>\n<meta name=\"twitter:label1\" content=\"Est. reading time\" \/>\n\t<meta name=\"twitter:data1\" content=\"4 minutes\" \/>\n<script type=\"application\/ld+json\" class=\"yoast-schema-graph\">{\"@context\":\"https:\\\/\\\/schema.org\",\"@graph\":[{\"@type\":\"WebPage\",\"@id\":\"https:\\\/\\\/www.escapechallengemalmedy.be\\\/de\\\/se-restaurer\\\/\",\"url\":\"https:\\\/\\\/www.escapechallengemalmedy.be\\\/de\\\/se-restaurer\\\/\",\"name\":\"Bar und Gastronomie - Escape Challenge\",\"isPartOf\":{\"@id\":\"https:\\\/\\\/www.escapechallengemalmedy.be\\\/#website\"},\"primaryImageOfPage\":{\"@id\":\"https:\\\/\\\/www.escapechallengemalmedy.be\\\/de\\\/se-restaurer\\\/#primaryimage\"},\"image\":{\"@id\":\"https:\\\/\\\/www.escapechallengemalmedy.be\\\/de\\\/se-restaurer\\\/#primaryimage\"},\"thumbnailUrl\":\"https:\\\/\\\/www.escapechallengemalmedy.be\\\/wp-content\\\/uploads\\\/2022\\\/06\\\/FacebookStudio20_photos3.jpg\",\"datePublished\":\"2019-02-06T09:40:14+00:00\",\"dateModified\":\"2026-04-20T14:51:50+00:00\",\"breadcrumb\":{\"@id\":\"https:\\\/\\\/www.escapechallengemalmedy.be\\\/de\\\/se-restaurer\\\/#breadcrumb\"},\"inLanguage\":\"de-DE\",\"potentialAction\":[{\"@type\":\"ReadAction\",\"target\":[\"https:\\\/\\\/www.escapechallengemalmedy.be\\\/de\\\/se-restaurer\\\/\"]}]},{\"@type\":\"ImageObject\",\"inLanguage\":\"de-DE\",\"@id\":\"https:\\\/\\\/www.escapechallengemalmedy.be\\\/de\\\/se-restaurer\\\/#primaryimage\",\"url\":\"https:\\\/\\\/www.escapechallengemalmedy.be\\\/wp-content\\\/uploads\\\/2022\\\/06\\\/FacebookStudio20_photos3.jpg\",\"contentUrl\":\"https:\\\/\\\/www.escapechallengemalmedy.be\\\/wp-content\\\/uploads\\\/2022\\\/06\\\/FacebookStudio20_photos3.jpg\",\"width\":2362,\"height\":2362},{\"@type\":\"BreadcrumbList\",\"@id\":\"https:\\\/\\\/www.escapechallengemalmedy.be\\\/de\\\/se-restaurer\\\/#breadcrumb\",\"itemListElement\":[{\"@type\":\"ListItem\",\"position\":1,\"name\":\"Escape Challenge Malmedy\",\"item\":\"https:\\\/\\\/www.escapechallengemalmedy.be\\\/de\\\/\"},{\"@type\":\"ListItem\",\"position\":2,\"name\":\"Bar und Gastronomie\"}]},{\"@type\":\"WebSite\",\"@id\":\"https:\\\/\\\/www.escapechallengemalmedy.be\\\/#website\",\"url\":\"https:\\\/\\\/www.escapechallengemalmedy.be\\\/\",\"name\":\"Escape Challenge\",\"description\":\"Escape Rooms Malmedy - Intermills\",\"potentialAction\":[{\"@type\":\"SearchAction\",\"target\":{\"@type\":\"EntryPoint\",\"urlTemplate\":\"https:\\\/\\\/www.escapechallengemalmedy.be\\\/?s={search_term_string}\"},\"query-input\":{\"@type\":\"PropertyValueSpecification\",\"valueRequired\":true,\"valueName\":\"search_term_string\"}}],\"inLanguage\":\"de-DE\"}]}<\/script>\n<!-- \/ Yoast SEO plugin. -->","yoast_head_json":{"title":"Bar und Gastronomie - Escape Challenge","robots":{"index,nofollow":"noindex,nofollow"},"canonical":"https:\/\/www.escapechallengemalmedy.be\/de\/se-restaurer\/","og_locale":"de_DE","og_type":"article","og_title":"Bar und Gastronomie - Escape Challenge","og_description":"Auf dem Gel\u00e4nde von Intermills stehen unseren hungrigen oder durstigen [&hellip;]","og_url":"https:\/\/www.escapechallengemalmedy.be\/de\/se-restaurer\/","og_site_name":"Escape Challenge","article_modified_time":"2026-04-20T14:51:50+00:00","og_image":[{"width":2362,"height":2362,"url":"https:\/\/www.escapechallengemalmedy.be\/wp-content\/uploads\/2022\/06\/FacebookStudio20_photos3.jpg","type":"image\/jpeg"}],"twitter_card":"summary_large_image","twitter_misc":{"Est. reading time":"4 minutes"},"schema":{"@context":"https:\/\/schema.org","@graph":[{"@type":"WebPage","@id":"https:\/\/www.escapechallengemalmedy.be\/de\/se-restaurer\/","url":"https:\/\/www.escapechallengemalmedy.be\/de\/se-restaurer\/","name":"Bar und Gastronomie - Escape Challenge","isPartOf":{"@id":"https:\/\/www.escapechallengemalmedy.be\/#website"},"primaryImageOfPage":{"@id":"https:\/\/www.escapechallengemalmedy.be\/de\/se-restaurer\/#primaryimage"},"image":{"@id":"https:\/\/www.escapechallengemalmedy.be\/de\/se-restaurer\/#primaryimage"},"thumbnailUrl":"https:\/\/www.escapechallengemalmedy.be\/wp-content\/uploads\/2022\/06\/FacebookStudio20_photos3.jpg","datePublished":"2019-02-06T09:40:14+00:00","dateModified":"2026-04-20T14:51:50+00:00","breadcrumb":{"@id":"https:\/\/www.escapechallengemalmedy.be\/de\/se-restaurer\/#breadcrumb"},"inLanguage":"de-DE","potentialAction":[{"@type":"ReadAction","target":["https:\/\/www.escapechallengemalmedy.be\/de\/se-restaurer\/"]}]},{"@type":"ImageObject","inLanguage":"de-DE","@id":"https:\/\/www.escapechallengemalmedy.be\/de\/se-restaurer\/#primaryimage","url":"https:\/\/www.escapechallengemalmedy.be\/wp-content\/uploads\/2022\/06\/FacebookStudio20_photos3.jpg","contentUrl":"https:\/\/www.escapechallengemalmedy.be\/wp-content\/uploads\/2022\/06\/FacebookStudio20_photos3.jpg","width":2362,"height":2362},{"@type":"BreadcrumbList","@id":"https:\/\/www.escapechallengemalmedy.be\/de\/se-restaurer\/#breadcrumb","itemListElement":[{"@type":"ListItem","position":1,"name":"Escape Challenge Malmedy","item":"https:\/\/www.escapechallengemalmedy.be\/de\/"},{"@type":"ListItem","position":2,"name":"Bar und Gastronomie"}]},{"@type":"WebSite","@id":"https:\/\/www.escapechallengemalmedy.be\/#website","url":"https:\/\/www.escapechallengemalmedy.be\/","name":"Escape Challenge","description":"Escape Rooms Malmedy - Intermills","potentialAction":[{"@type":"SearchAction","target":{"@type":"EntryPoint","urlTemplate":"https:\/\/www.escapechallengemalmedy.be\/?s={search_term_string}"},"query-input":{"@type":"PropertyValueSpecification","valueRequired":true,"valueName":"search_term_string"}}],"inLanguage":"de-DE"}]}},"publishpress_future_workflow_manual_trigger":{"enabledWorkflows":[]},"_links":{"self":[{"href":"https:\/\/www.escapechallengemalmedy.be\/de\/wp-json\/wp\/v2\/pages\/1166","targetHints":{"allow":["GET"]}}],"collection":[{"href":"https:\/\/www.escapechallengemalmedy.be\/de\/wp-json\/wp\/v2\/pages"}],"about":[{"href":"https:\/\/www.escapechallengemalmedy.be\/de\/wp-json\/wp\/v2\/types\/page"}],"author":[{"embeddable":true,"href":"https:\/\/www.escapechallengemalmedy.be\/de\/wp-json\/wp\/v2\/users\/2"}],"replies":[{"embeddable":true,"href":"https:\/\/www.escapechallengemalmedy.be\/de\/wp-json\/wp\/v2\/comments?post=1166"}],"version-history":[{"count":8,"href":"https:\/\/www.escapechallengemalmedy.be\/de\/wp-json\/wp\/v2\/pages\/1166\/revisions"}],"predecessor-version":[{"id":20859,"href":"https:\/\/www.escapechallengemalmedy.be\/de\/wp-json\/wp\/v2\/pages\/1166\/revisions\/20859"}],"wp:featuredmedia":[{"embeddable":true,"href":"https:\/\/www.escapechallengemalmedy.be\/de\/wp-json\/wp\/v2\/media\/6936"}],"wp:attachment":[{"href":"https:\/\/www.escapechallengemalmedy.be\/de\/wp-json\/wp\/v2\/media?parent=1166"}],"curies":[{"name":"wp","href":"https:\/\/api.w.org\/{rel}","templated":true}]}}