{"id":1180,"date":"2018-12-17T09:48:23","date_gmt":"2018-12-17T08:48:23","guid":{"rendered":"http:\/\/www.escapechallengemalmedy.be\/historique\/"},"modified":"2020-09-07T14:29:43","modified_gmt":"2020-09-07T12:29:43","slug":"historique","status":"publish","type":"page","link":"https:\/\/www.escapechallengemalmedy.be\/de\/historique\/","title":{"rendered":"Historique"},"content":{"rendered":"<p>Kurz nach der Jahrtausendwende geriet die Papierfabrik Steinbach, ein Tochterunternehmen der <a href=\"https:\/\/www.intermills.be\/\">Intermills<\/a>-Gruppe, in finanzielle Schwierigkeiten, die sich in den darauffolgenden Jahren noch versch\u00e4rften. Im April 2009 versetzte die katastrophale Konjunkturlage dem ehemaligen Aush\u00e4ngeschild der Malmedyer Unternehmenswelt schlie\u00dflich den Todessto\u00df. Der Konkurs war unausweichlich.<\/p>\n<p>Das brach liegende Gel\u00e4nde der ehemaligen Papierfabrik wurde 2011 von der Gehlen-Gruppe in der Absicht \u00fcbernommen, den Standort vollkommen zu sanieren, ihm ein zweites Leben zu schenken und dieses lokale Industrieerbe zu erhalten.<\/p>\n<p>Der erste Schritt bestand in einer Instandsetzung der Fabrikshallen und in der Einrichtung von Gesch\u00e4ftsfl\u00e4chen, die inzwischen von mehreren Firmen belegt werden. Im Jahr 2014 wurden auch die ehemaligen Verwaltungsgeb\u00e4ude umgebaut. Die ehemaligen B\u00fcror\u00e4umlichkeiten der Papierfabrik Steinbach beherbergen heute das Intermills Business &amp; Event Center: Ein Veranstaltungsort mit 12 modern und freundlich gestalteten Empfangss\u00e4len, in denen die Spuren der Vergangenheit trotzdem noch sichtbar sind. Ein Jahr sp\u00e4ter, 2015, ruft die Gehlen Gruppe den Kinokomplex <a href=\"https:\/\/www.moviemills.be\">Moviemills<\/a> ins Leben. Dieser umfasst 5 Kinos\u00e4le, die allesamt mit der neuesten ATMOS-Technologie ausgestattet sind.<\/p>\n<p>Im Jahr 2018 kommen neue T\u00e4tigkeitsbereiche hinzu, darunter die Kletterhalle <a href=\"https:\/\/thewall-malmedy.be\/\">The Wall<\/a>. Au\u00dferdem beginnen Bauarbeiten zur Errichtung eines neuen Hotels mit 86 Zimmern, das \u201e<strong>MY HOTEL<\/strong>\u201c<\/p>\n<p>Ende 2019 beschlie\u00dft die <strong>Gehlen-Gruppe <\/strong>die Erg\u00e4nzung des Standorts um zwei neue Infrastrukturprojekte: Einen Veranstaltungssaal mit dem Namen \u201eLa Sc\u00e8ne\u201c und das \u201e<strong>Escape Challenge Malmedy<\/strong>\u201c, das 5 Escape Rooms umfasst.<\/p>\n","protected":false},"excerpt":{"rendered":"<p>Kurz nach der Jahrtausendwende geriet die Papierfabrik Steinbach, ein Tochterunternehmen [&hellip;]<\/p>\n","protected":false},"author":2,"featured_media":0,"parent":0,"menu_order":11,"comment_status":"closed","ping_status":"closed","template":"page-gallery.php","meta":{"_acf_changed":false,"footnotes":""},"class_list":["post-1180","page","type-page","status-publish","hentry"],"acf":[],"yoast_head":"<!-- This site is optimized with the Yoast SEO plugin v27.5 - https:\/\/yoast.com\/product\/yoast-seo-wordpress\/ -->\n<title>Historique - Escape Challenge<\/title>\n<meta name=\"robots\" content=\"noindex,nofollow\" \/>\n<link rel=\"canonical\" href=\"https:\/\/www.escapechallengemalmedy.be\/de\/historique\/\" \/>\n<meta property=\"og:locale\" content=\"de_DE\" \/>\n<meta property=\"og:type\" content=\"article\" \/>\n<meta property=\"og:title\" content=\"Historique - Escape Challenge\" \/>\n<meta property=\"og:description\" content=\"Kurz nach der Jahrtausendwende geriet die Papierfabrik Steinbach, ein Tochterunternehmen [&hellip;]\" \/>\n<meta property=\"og:url\" content=\"https:\/\/www.escapechallengemalmedy.be\/de\/historique\/\" \/>\n<meta property=\"og:site_name\" content=\"Escape Challenge\" \/>\n<meta property=\"article:modified_time\" content=\"2020-09-07T12:29:43+00:00\" \/>\n<meta property=\"og:image\" content=\"https:\/\/www.escapechallengemalmedy.be\/wp-content\/uploads\/2019\/03\/escape_fb.png\" \/>\n\t<meta property=\"og:image:width\" content=\"1200\" \/>\n\t<meta property=\"og:image:height\" content=\"630\" \/>\n\t<meta property=\"og:image:type\" content=\"image\/png\" \/>\n<meta name=\"twitter:card\" content=\"summary_large_image\" \/>\n<meta name=\"twitter:label1\" content=\"Est. reading time\" \/>\n\t<meta name=\"twitter:data1\" content=\"1 minute\" \/>\n<script type=\"application\/ld+json\" class=\"yoast-schema-graph\">{\"@context\":\"https:\\\/\\\/schema.org\",\"@graph\":[{\"@type\":\"WebPage\",\"@id\":\"https:\\\/\\\/www.escapechallengemalmedy.be\\\/de\\\/historique\\\/\",\"url\":\"https:\\\/\\\/www.escapechallengemalmedy.be\\\/de\\\/historique\\\/\",\"name\":\"Historique - Escape Challenge\",\"isPartOf\":{\"@id\":\"https:\\\/\\\/www.escapechallengemalmedy.be\\\/#website\"},\"datePublished\":\"2018-12-17T08:48:23+00:00\",\"dateModified\":\"2020-09-07T12:29:43+00:00\",\"breadcrumb\":{\"@id\":\"https:\\\/\\\/www.escapechallengemalmedy.be\\\/de\\\/historique\\\/#breadcrumb\"},\"inLanguage\":\"de-DE\",\"potentialAction\":[{\"@type\":\"ReadAction\",\"target\":[\"https:\\\/\\\/www.escapechallengemalmedy.be\\\/de\\\/historique\\\/\"]}]},{\"@type\":\"BreadcrumbList\",\"@id\":\"https:\\\/\\\/www.escapechallengemalmedy.be\\\/de\\\/historique\\\/#breadcrumb\",\"itemListElement\":[{\"@type\":\"ListItem\",\"position\":1,\"name\":\"Escape Challenge Malmedy\",\"item\":\"https:\\\/\\\/www.escapechallengemalmedy.be\\\/de\\\/\"},{\"@type\":\"ListItem\",\"position\":2,\"name\":\"Historique\"}]},{\"@type\":\"WebSite\",\"@id\":\"https:\\\/\\\/www.escapechallengemalmedy.be\\\/#website\",\"url\":\"https:\\\/\\\/www.escapechallengemalmedy.be\\\/\",\"name\":\"Escape Challenge\",\"description\":\"Escape Rooms Malmedy - Intermills\",\"potentialAction\":[{\"@type\":\"SearchAction\",\"target\":{\"@type\":\"EntryPoint\",\"urlTemplate\":\"https:\\\/\\\/www.escapechallengemalmedy.be\\\/?s={search_term_string}\"},\"query-input\":{\"@type\":\"PropertyValueSpecification\",\"valueRequired\":true,\"valueName\":\"search_term_string\"}}],\"inLanguage\":\"de-DE\"}]}<\/script>\n<!-- \/ Yoast SEO plugin. -->","yoast_head_json":{"title":"Historique - Escape Challenge","robots":{"index,nofollow":"noindex,nofollow"},"canonical":"https:\/\/www.escapechallengemalmedy.be\/de\/historique\/","og_locale":"de_DE","og_type":"article","og_title":"Historique - Escape Challenge","og_description":"Kurz nach der Jahrtausendwende geriet die Papierfabrik Steinbach, ein Tochterunternehmen [&hellip;]","og_url":"https:\/\/www.escapechallengemalmedy.be\/de\/historique\/","og_site_name":"Escape Challenge","article_modified_time":"2020-09-07T12:29:43+00:00","og_image":[{"width":1200,"height":630,"url":"https:\/\/www.escapechallengemalmedy.be\/wp-content\/uploads\/2019\/03\/escape_fb.png","type":"image\/png"}],"twitter_card":"summary_large_image","twitter_misc":{"Est. reading time":"1 minute"},"schema":{"@context":"https:\/\/schema.org","@graph":[{"@type":"WebPage","@id":"https:\/\/www.escapechallengemalmedy.be\/de\/historique\/","url":"https:\/\/www.escapechallengemalmedy.be\/de\/historique\/","name":"Historique - Escape Challenge","isPartOf":{"@id":"https:\/\/www.escapechallengemalmedy.be\/#website"},"datePublished":"2018-12-17T08:48:23+00:00","dateModified":"2020-09-07T12:29:43+00:00","breadcrumb":{"@id":"https:\/\/www.escapechallengemalmedy.be\/de\/historique\/#breadcrumb"},"inLanguage":"de-DE","potentialAction":[{"@type":"ReadAction","target":["https:\/\/www.escapechallengemalmedy.be\/de\/historique\/"]}]},{"@type":"BreadcrumbList","@id":"https:\/\/www.escapechallengemalmedy.be\/de\/historique\/#breadcrumb","itemListElement":[{"@type":"ListItem","position":1,"name":"Escape Challenge Malmedy","item":"https:\/\/www.escapechallengemalmedy.be\/de\/"},{"@type":"ListItem","position":2,"name":"Historique"}]},{"@type":"WebSite","@id":"https:\/\/www.escapechallengemalmedy.be\/#website","url":"https:\/\/www.escapechallengemalmedy.be\/","name":"Escape Challenge","description":"Escape Rooms Malmedy - Intermills","potentialAction":[{"@type":"SearchAction","target":{"@type":"EntryPoint","urlTemplate":"https:\/\/www.escapechallengemalmedy.be\/?s={search_term_string}"},"query-input":{"@type":"PropertyValueSpecification","valueRequired":true,"valueName":"search_term_string"}}],"inLanguage":"de-DE"}]}},"publishpress_future_workflow_manual_trigger":{"enabledWorkflows":[]},"_links":{"self":[{"href":"https:\/\/www.escapechallengemalmedy.be\/de\/wp-json\/wp\/v2\/pages\/1180","targetHints":{"allow":["GET"]}}],"collection":[{"href":"https:\/\/www.escapechallengemalmedy.be\/de\/wp-json\/wp\/v2\/pages"}],"about":[{"href":"https:\/\/www.escapechallengemalmedy.be\/de\/wp-json\/wp\/v2\/types\/page"}],"author":[{"embeddable":true,"href":"https:\/\/www.escapechallengemalmedy.be\/de\/wp-json\/wp\/v2\/users\/2"}],"replies":[{"embeddable":true,"href":"https:\/\/www.escapechallengemalmedy.be\/de\/wp-json\/wp\/v2\/comments?post=1180"}],"version-history":[{"count":0,"href":"https:\/\/www.escapechallengemalmedy.be\/de\/wp-json\/wp\/v2\/pages\/1180\/revisions"}],"wp:attachment":[{"href":"https:\/\/www.escapechallengemalmedy.be\/de\/wp-json\/wp\/v2\/media?parent=1180"}],"curies":[{"name":"wp","href":"https:\/\/api.w.org\/{rel}","templated":true}]}}