{"id":19359,"date":"2025-07-01T12:11:17","date_gmt":"2025-07-01T10:11:17","guid":{"rendered":"https:\/\/www.escapechallengemalmedy.be\/?page_id=19359"},"modified":"2025-07-16T12:26:27","modified_gmt":"2025-07-16T10:26:27","slug":"junggesellenabschied","status":"publish","type":"page","link":"https:\/\/www.escapechallengemalmedy.be\/de\/junggesellenabschied\/","title":{"rendered":"Junggesellenabschied"},"content":{"rendered":"<h2>Organisieren Sie einen unvergesslichen Junggesellinnen- oder Junggesellenabschied!<\/h2>\n<p>Sie planen einen Junggesellinnenabschied oder einen Junggesellenabschied (JGA) und m\u00f6chten mit einer originellen, spielerischen und festlichen Aktivit\u00e4t punkten? Suchen Sie nicht weiter: Die Escape Challenge und das Studio20 Karaoke bieten Ihnen ein exklusives Angebot, das speziell f\u00fcr diese einzigartigen Momente unter Freunden konzipiert wurde.<\/p>\n<p>Lachen, Herausforderungen, unvergessliche Erinnerungen&#8230; Alles ist vereint, um einen au\u00dfergew\u00f6hnlichen Nachmittag oder Abend zu erleben.<\/p>\n<p>&nbsp;<\/p>\n<h3>Ein 100%iges Spa\u00dfpaket mit zwei H\u00f6hepunkten:<\/h3>\n<h4>1 Stunde Escape Room.<\/h4>\n<p>St\u00fcrzen Sie sich in ein spannendes Abenteuer, bei dem Kooperation, Beobachtungsgabe und \u00dcberlegung Ihre besten Verb\u00fcndeten sind. In einem Themenraum gefangen, haben Sie 60 Minuten Zeit, um R\u00e4tsel und Mechanismen zu l\u00f6sen und gemeinsam zu fliehen. Eine intensive Zeit, die perfekt ist, um die Gruppenbindungen zu st\u00e4rken und einen guten Start in den Tag zu haben.<\/p>\n<h4>2 Stunden Karaoke im Studio20.<\/h4>\n<p>Das Studio20 befindet sich direkt neben den Escape Rooms und bietet Ihnen einen ganz privaten Karaoke-Raum.<\/p>\n<p>Mit dem Mikrofon in der Hand k\u00f6nnen Sie den Popstar in sich entdecken und die B\u00fchne mit Ihren Lieblingssongs zum Beben bringen. Eine entspannte und fr\u00f6hliche Atmosph\u00e4re, ideal zum Singen, Lachen und um einen Moment mit Ihren Freunden zu teilen.<\/p>\n<p>&nbsp;<\/p>\n<p><strong>Formel ab 30 \u20ac\/Person<\/strong> &#8211; Das Angebot gilt f\u00fcr Gruppen von mindestens 8 Personen.<\/p>\n<p>Damit Sie jeden Moment in vollen Z\u00fcgen genie\u00dfen k\u00f6nnen, k\u00fcmmert sich unser Team um alles, einschlie\u00dflich des Getr\u00e4nkeservices direkt in Ihrem Karaoke-Raum. Entspannen Sie sich, singen Sie, am\u00fcsieren Sie sich: Wir k\u00fcmmern uns um den Rest!<\/p>\n<p>&nbsp;<\/p>\n<h3>Sind Sie bereit, unvergessliche Erinnerungen zu schaffen?<\/h3>\n<p>Kontaktieren Sie uns, um Ihr pers\u00f6nliches Angebot unter <a href=\"tel:080870116\">080\/87.01.16<\/a> oder \u00fcber <a href=\"mailto:info@escapechallengemalmedy.be\">info@escapechallengemalmedy.be<\/a> zu erhalten.<\/p>\n<p>&nbsp;<\/p>\n<h3><a href=\"https:\/\/www.escapechallengemalmedy.be\/de\/faelle\/\">Entdecken Sie unsere Umfragen!<\/a><\/h3>\n<p>&nbsp;<\/p>\n<div id=\"metaslider-id-18809\" style=\"width: 100%;\" class=\"ml-slider-3-104-0 metaslider metaslider-flex metaslider-18809 ml-slider has-dots-nav ms-theme-default-base nav-hidden\" role=\"region\" aria-label=\"EVJF \/ EVG\" data-height=\"300\" data-width=\"700\">\n    <div id=\"metaslider_container_18809\">\n        <div id=\"metaslider_18809\">\n            <ul class='slides'>\n                <li style=\"display: block; width: 100%;\" class=\"slide-18810 ms-image \" aria-roledescription=\"slide\" data-date=\"2025-04-29 11:30:51\" data-filename=\"491973874_1376772390183202_6003937234050220187_n-1.jpg\" data-slide-type=\"image\"><img loading=\"lazy\" decoding=\"async\" width=\"1920\" height=\"1440\" src=\"https:\/\/www.escapechallengemalmedy.be\/wp-content\/uploads\/2025\/04\/491973874_1376772390183202_6003937234050220187_n-1.jpg\" class=\"slider-18809 slide-18810 msDefaultImage\" alt=\"\" rel=\"\" title=\"491973874_1376772390183202_6003937234050220187_n-1\" style=\"margin: 0 auto; width: 57.142857142857%\" \/><\/li>\n                <li style=\"display: none; width: 100%;\" class=\"slide-18811 ms-image \" aria-roledescription=\"slide\" data-date=\"2025-04-29 11:30:51\" data-filename=\"492001154_1376771043516670_8435532418089538909_n-1.jpg\" data-slide-type=\"image\"><img loading=\"lazy\" decoding=\"async\" width=\"1200\" height=\"1600\" src=\"https:\/\/www.escapechallengemalmedy.be\/wp-content\/uploads\/2025\/04\/492001154_1376771043516670_8435532418089538909_n-1.jpg\" class=\"slider-18809 slide-18811 msDefaultImage\" alt=\"\" rel=\"\" title=\"492001154_1376771043516670_8435532418089538909_n-1\" style=\"margin: 0 auto; width: 32.142857142857%\" \/><\/li>\n                <li style=\"display: none; width: 100%;\" class=\"slide-18812 ms-image \" aria-roledescription=\"slide\" data-date=\"2025-04-29 11:30:51\" data-filename=\"491982034_1376770453516729_1434397914274351501_n-1.jpg\" data-slide-type=\"image\"><img loading=\"lazy\" decoding=\"async\" width=\"2048\" height=\"1365\" src=\"https:\/\/www.escapechallengemalmedy.be\/wp-content\/uploads\/2025\/04\/491982034_1376770453516729_1434397914274351501_n-1.jpg\" class=\"slider-18809 slide-18812 msDefaultImage\" alt=\"\" rel=\"\" title=\"491982034_1376770453516729_1434397914274351501_n-1\" style=\"margin: 0 auto; width: 64.301412872841%\" \/><\/li>\n                <li style=\"display: none; width: 100%;\" class=\"slide-18813 ms-image \" aria-roledescription=\"slide\" data-date=\"2025-04-29 11:30:51\" data-filename=\"491683614_1376778806849227_7825712162646049621_n-1.jpg\" data-slide-type=\"image\"><img loading=\"lazy\" decoding=\"async\" width=\"593\" height=\"395\" src=\"https:\/\/www.escapechallengemalmedy.be\/wp-content\/uploads\/2025\/04\/491683614_1376778806849227_7825712162646049621_n-1.jpg\" class=\"slider-18809 slide-18813 msDefaultImage\" alt=\"\" rel=\"\" title=\"491683614_1376778806849227_7825712162646049621_n-1\" style=\"margin: 0 auto; width: 64.339963833635%\" \/><\/li>\n            <\/ul>\n        <\/div>\n        \n    <\/div>\n<\/div>\n","protected":false},"excerpt":{"rendered":"<p>Organisieren Sie einen unvergesslichen Junggesellinnen- oder Junggesellenabschied! Sie planen einen [&hellip;]<\/p>\n","protected":false},"author":2,"featured_media":0,"parent":0,"menu_order":0,"comment_status":"closed","ping_status":"closed","template":"","meta":{"_acf_changed":false,"footnotes":""},"class_list":["post-19359","page","type-page","status-publish","hentry"],"acf":[],"yoast_head":"<!-- This site is optimized with the Yoast SEO plugin v27.4 - https:\/\/yoast.com\/product\/yoast-seo-wordpress\/ -->\n<title>Junggesellenabschied - Escape Challenge<\/title>\n<meta name=\"robots\" content=\"noindex,nofollow\" \/>\n<link rel=\"canonical\" href=\"https:\/\/www.escapechallengemalmedy.be\/de\/junggesellenabschied\/\" \/>\n<meta property=\"og:locale\" content=\"de_DE\" \/>\n<meta property=\"og:type\" content=\"article\" \/>\n<meta property=\"og:title\" content=\"Junggesellenabschied - Escape Challenge\" \/>\n<meta property=\"og:description\" content=\"Organisieren Sie einen unvergesslichen Junggesellinnen- oder Junggesellenabschied! Sie planen einen [&hellip;]\" \/>\n<meta property=\"og:url\" content=\"https:\/\/www.escapechallengemalmedy.be\/de\/junggesellenabschied\/\" \/>\n<meta property=\"og:site_name\" content=\"Escape Challenge\" \/>\n<meta property=\"article:modified_time\" content=\"2025-07-16T10:26:27+00:00\" \/>\n<meta property=\"og:image\" content=\"https:\/\/www.escapechallengemalmedy.be\/wp-content\/uploads\/2019\/03\/escape_fb.png\" \/>\n\t<meta property=\"og:image:width\" content=\"1200\" \/>\n\t<meta property=\"og:image:height\" content=\"630\" \/>\n\t<meta property=\"og:image:type\" content=\"image\/png\" \/>\n<meta name=\"twitter:card\" content=\"summary_large_image\" \/>\n<meta name=\"twitter:label1\" content=\"Est. reading time\" \/>\n\t<meta name=\"twitter:data1\" content=\"2 minutes\" \/>\n<script type=\"application\/ld+json\" class=\"yoast-schema-graph\">{\"@context\":\"https:\\\/\\\/schema.org\",\"@graph\":[{\"@type\":\"WebPage\",\"@id\":\"https:\\\/\\\/www.escapechallengemalmedy.be\\\/de\\\/junggesellenabschied\\\/\",\"url\":\"https:\\\/\\\/www.escapechallengemalmedy.be\\\/de\\\/junggesellenabschied\\\/\",\"name\":\"Junggesellenabschied - Escape Challenge\",\"isPartOf\":{\"@id\":\"https:\\\/\\\/www.escapechallengemalmedy.be\\\/#website\"},\"datePublished\":\"2025-07-01T10:11:17+00:00\",\"dateModified\":\"2025-07-16T10:26:27+00:00\",\"breadcrumb\":{\"@id\":\"https:\\\/\\\/www.escapechallengemalmedy.be\\\/de\\\/junggesellenabschied\\\/#breadcrumb\"},\"inLanguage\":\"de-DE\",\"potentialAction\":[{\"@type\":\"ReadAction\",\"target\":[\"https:\\\/\\\/www.escapechallengemalmedy.be\\\/de\\\/junggesellenabschied\\\/\"]}]},{\"@type\":\"BreadcrumbList\",\"@id\":\"https:\\\/\\\/www.escapechallengemalmedy.be\\\/de\\\/junggesellenabschied\\\/#breadcrumb\",\"itemListElement\":[{\"@type\":\"ListItem\",\"position\":1,\"name\":\"Escape Challenge Malmedy\",\"item\":\"https:\\\/\\\/www.escapechallengemalmedy.be\\\/de\\\/\"},{\"@type\":\"ListItem\",\"position\":2,\"name\":\"Junggesellenabschied\"}]},{\"@type\":\"WebSite\",\"@id\":\"https:\\\/\\\/www.escapechallengemalmedy.be\\\/#website\",\"url\":\"https:\\\/\\\/www.escapechallengemalmedy.be\\\/\",\"name\":\"Escape Challenge\",\"description\":\"Escape Rooms Malmedy - Intermills\",\"potentialAction\":[{\"@type\":\"SearchAction\",\"target\":{\"@type\":\"EntryPoint\",\"urlTemplate\":\"https:\\\/\\\/www.escapechallengemalmedy.be\\\/?s={search_term_string}\"},\"query-input\":{\"@type\":\"PropertyValueSpecification\",\"valueRequired\":true,\"valueName\":\"search_term_string\"}}],\"inLanguage\":\"de-DE\"}]}<\/script>\n<!-- \/ Yoast SEO plugin. -->","yoast_head_json":{"title":"Junggesellenabschied - Escape Challenge","robots":{"index,nofollow":"noindex,nofollow"},"canonical":"https:\/\/www.escapechallengemalmedy.be\/de\/junggesellenabschied\/","og_locale":"de_DE","og_type":"article","og_title":"Junggesellenabschied - Escape Challenge","og_description":"Organisieren Sie einen unvergesslichen Junggesellinnen- oder Junggesellenabschied! Sie planen einen [&hellip;]","og_url":"https:\/\/www.escapechallengemalmedy.be\/de\/junggesellenabschied\/","og_site_name":"Escape Challenge","article_modified_time":"2025-07-16T10:26:27+00:00","og_image":[{"width":1200,"height":630,"url":"https:\/\/www.escapechallengemalmedy.be\/wp-content\/uploads\/2019\/03\/escape_fb.png","type":"image\/png"}],"twitter_card":"summary_large_image","twitter_misc":{"Est. reading time":"2 minutes"},"schema":{"@context":"https:\/\/schema.org","@graph":[{"@type":"WebPage","@id":"https:\/\/www.escapechallengemalmedy.be\/de\/junggesellenabschied\/","url":"https:\/\/www.escapechallengemalmedy.be\/de\/junggesellenabschied\/","name":"Junggesellenabschied - Escape Challenge","isPartOf":{"@id":"https:\/\/www.escapechallengemalmedy.be\/#website"},"datePublished":"2025-07-01T10:11:17+00:00","dateModified":"2025-07-16T10:26:27+00:00","breadcrumb":{"@id":"https:\/\/www.escapechallengemalmedy.be\/de\/junggesellenabschied\/#breadcrumb"},"inLanguage":"de-DE","potentialAction":[{"@type":"ReadAction","target":["https:\/\/www.escapechallengemalmedy.be\/de\/junggesellenabschied\/"]}]},{"@type":"BreadcrumbList","@id":"https:\/\/www.escapechallengemalmedy.be\/de\/junggesellenabschied\/#breadcrumb","itemListElement":[{"@type":"ListItem","position":1,"name":"Escape Challenge Malmedy","item":"https:\/\/www.escapechallengemalmedy.be\/de\/"},{"@type":"ListItem","position":2,"name":"Junggesellenabschied"}]},{"@type":"WebSite","@id":"https:\/\/www.escapechallengemalmedy.be\/#website","url":"https:\/\/www.escapechallengemalmedy.be\/","name":"Escape Challenge","description":"Escape Rooms Malmedy - Intermills","potentialAction":[{"@type":"SearchAction","target":{"@type":"EntryPoint","urlTemplate":"https:\/\/www.escapechallengemalmedy.be\/?s={search_term_string}"},"query-input":{"@type":"PropertyValueSpecification","valueRequired":true,"valueName":"search_term_string"}}],"inLanguage":"de-DE"}]}},"publishpress_future_workflow_manual_trigger":{"enabledWorkflows":[]},"_links":{"self":[{"href":"https:\/\/www.escapechallengemalmedy.be\/de\/wp-json\/wp\/v2\/pages\/19359","targetHints":{"allow":["GET"]}}],"collection":[{"href":"https:\/\/www.escapechallengemalmedy.be\/de\/wp-json\/wp\/v2\/pages"}],"about":[{"href":"https:\/\/www.escapechallengemalmedy.be\/de\/wp-json\/wp\/v2\/types\/page"}],"author":[{"embeddable":true,"href":"https:\/\/www.escapechallengemalmedy.be\/de\/wp-json\/wp\/v2\/users\/2"}],"replies":[{"embeddable":true,"href":"https:\/\/www.escapechallengemalmedy.be\/de\/wp-json\/wp\/v2\/comments?post=19359"}],"version-history":[{"count":8,"href":"https:\/\/www.escapechallengemalmedy.be\/de\/wp-json\/wp\/v2\/pages\/19359\/revisions"}],"predecessor-version":[{"id":19458,"href":"https:\/\/www.escapechallengemalmedy.be\/de\/wp-json\/wp\/v2\/pages\/19359\/revisions\/19458"}],"wp:attachment":[{"href":"https:\/\/www.escapechallengemalmedy.be\/de\/wp-json\/wp\/v2\/media?parent=19359"}],"curies":[{"name":"wp","href":"https:\/\/api.w.org\/{rel}","templated":true}]}}