{"id":19377,"date":"2025-07-01T13:33:40","date_gmt":"2025-07-01T11:33:40","guid":{"rendered":"https:\/\/www.escapechallengemalmedy.be\/?page_id=19377"},"modified":"2025-09-02T11:59:52","modified_gmt":"2025-09-02T09:59:52","slug":"team-building-2","status":"publish","type":"page","link":"https:\/\/www.escapechallengemalmedy.be\/de\/team-building-2\/","title":{"rendered":"Team Building"},"content":{"rendered":"<h2>Schenken Sie Ihrem Team ein unvergessliches Teambuilding-Erlebnis!<\/h2>\n<p>Sie sind auf der Suche nach einer originellen Idee, um Ihr Team bei einer spielerischen, anregenden und geselligen Aktivit\u00e4t zusammenzubringen?<\/p>\n<p>Mit der Escape Challenge verlassen Sie den \u00fcblichen Rahmen und tauchen in eine Welt ein, in der Zusammenhalt, Kommunikation und Teamgeist die Schl\u00fcssel zum Erfolg sind.<\/p>\n<p>&nbsp;<\/p>\n<h3>Eine lebensgro\u00dfe Herausforderung, um Ihre Mitarbeiter zusammenzuschwei\u00dfen.<\/h3>\n<p>Ihre Kollegen werden 60 oder 90 Minuten lang in einem Themenraum eingesperrt und m\u00fcssen sich zusammenschlie\u00dfen, um eine fesselnde Herausforderung zu meistern: rechtzeitig zu entkommen, indem sie eine Reihe von R\u00e4tseln und Mechanismen l\u00f6sen.<br \/>\nBeobachtung, Logik, Kooperation &#8230; jedes Gruppenmitglied hat eine Rolle zu spielen, um gemeinsam auf ein gemeinsames Ziel hinzuarbeiten.<\/p>\n<p>Eine immersive Erfahrung, die den Austausch, die Erg\u00e4nzung von Talenten und die \u00dcbernahme von Initiative in einem originellen und entspannten Rahmen f\u00f6rdert.<\/p>\n<h3><img loading=\"lazy\" decoding=\"async\" class=\"wp-image-19632 aligncenter\" src=\"https:\/\/www.escapechallengemalmedy.be\/wp-content\/uploads\/2025\/09\/Intermills-Teambuilding-210-500x500.jpg\" alt=\"\" width=\"459\" height=\"459\" \/><\/h3>\n<p>&nbsp;<\/p>\n<h3>Flexible Formeln, halb- oder ganzt\u00e4gig.<\/h3>\n<p>Wir bieten Ihnen verschiedene Optionen, um Ihre Aktivit\u00e4t an Ihre Bed\u00fcrfnisse anzupassen :<\/p>\n<ul>\n<li>Escape Room allein, f\u00fcr eine lustige und dynamische Auszeit<\/li>\n<li>Escape Rooms gefolgt von einer Karaoke-Session in den privaten R\u00e4umen des Studio20 Karaoke<\/li>\n<li>Vollst\u00e4ndige &amp; ma\u00dfgeschneiderte Formel, mit Tagungsraum in Intermills, Entspannungsmoment bei einem gem\u00fctlichen Lunch und Teamaktivit\u00e4ten (Escape Rooms, kooperative Spiele, sportliche Aktivit\u00e4ten, etc.)<\/li>\n<\/ul>\n<p>Unabh\u00e4ngig von der gew\u00e4hlten Formel ist unser Team da, um Sie bei der Organisation zu unterst\u00fctzen und diesen Moment zu einem echten Highlight f\u00fcr den Zusammenhalt zu machen.<\/p>\n<h3><img loading=\"lazy\" decoding=\"async\" class=\"wp-image-19628 aligncenter\" src=\"https:\/\/www.escapechallengemalmedy.be\/wp-content\/uploads\/2025\/09\/Cvisuels-230422-151809-AP201953-500x500.jpg\" alt=\"\" width=\"439\" height=\"439\" \/><\/h3>\n<p>&nbsp;<\/p>\n<p>Dank unserer 6 verschiedenen Umfragen, die je nach Thema f\u00fcr Gruppen von 4 bis 14 Teilnehmern konzipiert sind, k\u00f6nnen wir bis zu 50 Personen gleichzeitig empfangen.<\/p>\n<p>F\u00fcr gr\u00f6\u00dfere Gruppen ist es m\u00f6glich, verschiedene Aktivit\u00e4ten zu kombinieren, um ein ma\u00dfgeschneidertes Erlebnis zu bieten. Z\u00f6gern Sie nicht, sich von unserem Team beraten zu lassen!<\/p>\n<p>&nbsp;<\/p>\n<h3>Sind Sie bereit, die Herausforderung als Team anzunehmen?<\/h3>\n<p>Nehmen Sie Kontakt mit unserem Team auf: Wir helfen Ihnen gerne dabei, die ideale Kombination f\u00fcr Ihre Gruppe und Ihr Budget zu finden!<\/p>\n<p>Weitere Informationen erhalten Sie unter <a href=\"tel:080870116\">080\/87.01.16<\/a> oder \u00fcber <a href=\"mailto:info@escapechallengemalmedy.be\">info@escapechallengemalmedy.be<\/a>.<\/p>\n<p>&nbsp;<\/p>\n<h3><a href=\"https:\/\/www.escapechallengemalmedy.be\/de\/faelle\/\"><strong>&gt; Entdecken Sie unsere Umfragen<\/strong><\/a><\/h3>\n<p>&nbsp;<\/p>\n<p><img loading=\"lazy\" decoding=\"async\" class=\" wp-image-19636 aligncenter\" src=\"https:\/\/www.escapechallengemalmedy.be\/wp-content\/uploads\/2025\/09\/Intermills-Teambuilding-201-500x500.jpg\" alt=\"\" width=\"436\" height=\"436\" \/><\/p>\n","protected":false},"excerpt":{"rendered":"<p>Schenken Sie Ihrem Team ein unvergessliches Teambuilding-Erlebnis! Sie sind auf [&hellip;]<\/p>\n","protected":false},"author":2,"featured_media":0,"parent":0,"menu_order":0,"comment_status":"closed","ping_status":"closed","template":"","meta":{"_acf_changed":false,"footnotes":""},"class_list":["post-19377","page","type-page","status-publish","hentry"],"acf":[],"yoast_head":"<!-- This site is optimized with the Yoast SEO plugin v27.4 - https:\/\/yoast.com\/product\/yoast-seo-wordpress\/ -->\n<title>Team Building - Escape Challenge<\/title>\n<meta name=\"robots\" content=\"noindex,nofollow\" \/>\n<link rel=\"canonical\" href=\"https:\/\/www.escapechallengemalmedy.be\/de\/team-building-2\/\" \/>\n<meta property=\"og:locale\" content=\"de_DE\" \/>\n<meta property=\"og:type\" content=\"article\" \/>\n<meta property=\"og:title\" content=\"Team Building - Escape Challenge\" \/>\n<meta property=\"og:description\" content=\"Schenken Sie Ihrem Team ein unvergessliches Teambuilding-Erlebnis! Sie sind auf [&hellip;]\" \/>\n<meta property=\"og:url\" content=\"https:\/\/www.escapechallengemalmedy.be\/de\/team-building-2\/\" \/>\n<meta property=\"og:site_name\" content=\"Escape Challenge\" \/>\n<meta property=\"article:modified_time\" content=\"2025-09-02T09:59:52+00:00\" \/>\n<meta property=\"og:image\" content=\"https:\/\/www.escapechallengemalmedy.be\/wp-content\/uploads\/2025\/09\/Intermills-Teambuilding-210-scaled.jpg\" \/>\n\t<meta property=\"og:image:width\" content=\"2560\" \/>\n\t<meta property=\"og:image:height\" content=\"1707\" \/>\n\t<meta property=\"og:image:type\" content=\"image\/jpeg\" \/>\n<meta name=\"twitter:card\" content=\"summary_large_image\" \/>\n<meta name=\"twitter:label1\" content=\"Est. reading time\" \/>\n\t<meta name=\"twitter:data1\" content=\"3 minutes\" \/>\n<script type=\"application\/ld+json\" class=\"yoast-schema-graph\">{\"@context\":\"https:\\\/\\\/schema.org\",\"@graph\":[{\"@type\":\"WebPage\",\"@id\":\"https:\\\/\\\/www.escapechallengemalmedy.be\\\/de\\\/team-building-2\\\/\",\"url\":\"https:\\\/\\\/www.escapechallengemalmedy.be\\\/de\\\/team-building-2\\\/\",\"name\":\"Team Building - Escape Challenge\",\"isPartOf\":{\"@id\":\"https:\\\/\\\/www.escapechallengemalmedy.be\\\/#website\"},\"primaryImageOfPage\":{\"@id\":\"https:\\\/\\\/www.escapechallengemalmedy.be\\\/de\\\/team-building-2\\\/#primaryimage\"},\"image\":{\"@id\":\"https:\\\/\\\/www.escapechallengemalmedy.be\\\/de\\\/team-building-2\\\/#primaryimage\"},\"thumbnailUrl\":\"https:\\\/\\\/www.escapechallengemalmedy.be\\\/wp-content\\\/uploads\\\/2025\\\/09\\\/Intermills-Teambuilding-210-500x500.jpg\",\"datePublished\":\"2025-07-01T11:33:40+00:00\",\"dateModified\":\"2025-09-02T09:59:52+00:00\",\"breadcrumb\":{\"@id\":\"https:\\\/\\\/www.escapechallengemalmedy.be\\\/de\\\/team-building-2\\\/#breadcrumb\"},\"inLanguage\":\"de-DE\",\"potentialAction\":[{\"@type\":\"ReadAction\",\"target\":[\"https:\\\/\\\/www.escapechallengemalmedy.be\\\/de\\\/team-building-2\\\/\"]}]},{\"@type\":\"ImageObject\",\"inLanguage\":\"de-DE\",\"@id\":\"https:\\\/\\\/www.escapechallengemalmedy.be\\\/de\\\/team-building-2\\\/#primaryimage\",\"url\":\"https:\\\/\\\/www.escapechallengemalmedy.be\\\/wp-content\\\/uploads\\\/2025\\\/09\\\/Intermills-Teambuilding-210-500x500.jpg\",\"contentUrl\":\"https:\\\/\\\/www.escapechallengemalmedy.be\\\/wp-content\\\/uploads\\\/2025\\\/09\\\/Intermills-Teambuilding-210-500x500.jpg\"},{\"@type\":\"BreadcrumbList\",\"@id\":\"https:\\\/\\\/www.escapechallengemalmedy.be\\\/de\\\/team-building-2\\\/#breadcrumb\",\"itemListElement\":[{\"@type\":\"ListItem\",\"position\":1,\"name\":\"Escape Challenge Malmedy\",\"item\":\"https:\\\/\\\/www.escapechallengemalmedy.be\\\/de\\\/\"},{\"@type\":\"ListItem\",\"position\":2,\"name\":\"Team Building\"}]},{\"@type\":\"WebSite\",\"@id\":\"https:\\\/\\\/www.escapechallengemalmedy.be\\\/#website\",\"url\":\"https:\\\/\\\/www.escapechallengemalmedy.be\\\/\",\"name\":\"Escape Challenge\",\"description\":\"Escape Rooms Malmedy - Intermills\",\"potentialAction\":[{\"@type\":\"SearchAction\",\"target\":{\"@type\":\"EntryPoint\",\"urlTemplate\":\"https:\\\/\\\/www.escapechallengemalmedy.be\\\/?s={search_term_string}\"},\"query-input\":{\"@type\":\"PropertyValueSpecification\",\"valueRequired\":true,\"valueName\":\"search_term_string\"}}],\"inLanguage\":\"de-DE\"}]}<\/script>\n<!-- \/ Yoast SEO plugin. -->","yoast_head_json":{"title":"Team Building - Escape Challenge","robots":{"index,nofollow":"noindex,nofollow"},"canonical":"https:\/\/www.escapechallengemalmedy.be\/de\/team-building-2\/","og_locale":"de_DE","og_type":"article","og_title":"Team Building - Escape Challenge","og_description":"Schenken Sie Ihrem Team ein unvergessliches Teambuilding-Erlebnis! Sie sind auf [&hellip;]","og_url":"https:\/\/www.escapechallengemalmedy.be\/de\/team-building-2\/","og_site_name":"Escape Challenge","article_modified_time":"2025-09-02T09:59:52+00:00","og_image":[{"width":2560,"height":1707,"url":"https:\/\/www.escapechallengemalmedy.be\/wp-content\/uploads\/2025\/09\/Intermills-Teambuilding-210-scaled.jpg","type":"image\/jpeg"}],"twitter_card":"summary_large_image","twitter_misc":{"Est. reading time":"3 minutes"},"schema":{"@context":"https:\/\/schema.org","@graph":[{"@type":"WebPage","@id":"https:\/\/www.escapechallengemalmedy.be\/de\/team-building-2\/","url":"https:\/\/www.escapechallengemalmedy.be\/de\/team-building-2\/","name":"Team Building - Escape Challenge","isPartOf":{"@id":"https:\/\/www.escapechallengemalmedy.be\/#website"},"primaryImageOfPage":{"@id":"https:\/\/www.escapechallengemalmedy.be\/de\/team-building-2\/#primaryimage"},"image":{"@id":"https:\/\/www.escapechallengemalmedy.be\/de\/team-building-2\/#primaryimage"},"thumbnailUrl":"https:\/\/www.escapechallengemalmedy.be\/wp-content\/uploads\/2025\/09\/Intermills-Teambuilding-210-500x500.jpg","datePublished":"2025-07-01T11:33:40+00:00","dateModified":"2025-09-02T09:59:52+00:00","breadcrumb":{"@id":"https:\/\/www.escapechallengemalmedy.be\/de\/team-building-2\/#breadcrumb"},"inLanguage":"de-DE","potentialAction":[{"@type":"ReadAction","target":["https:\/\/www.escapechallengemalmedy.be\/de\/team-building-2\/"]}]},{"@type":"ImageObject","inLanguage":"de-DE","@id":"https:\/\/www.escapechallengemalmedy.be\/de\/team-building-2\/#primaryimage","url":"https:\/\/www.escapechallengemalmedy.be\/wp-content\/uploads\/2025\/09\/Intermills-Teambuilding-210-500x500.jpg","contentUrl":"https:\/\/www.escapechallengemalmedy.be\/wp-content\/uploads\/2025\/09\/Intermills-Teambuilding-210-500x500.jpg"},{"@type":"BreadcrumbList","@id":"https:\/\/www.escapechallengemalmedy.be\/de\/team-building-2\/#breadcrumb","itemListElement":[{"@type":"ListItem","position":1,"name":"Escape Challenge Malmedy","item":"https:\/\/www.escapechallengemalmedy.be\/de\/"},{"@type":"ListItem","position":2,"name":"Team Building"}]},{"@type":"WebSite","@id":"https:\/\/www.escapechallengemalmedy.be\/#website","url":"https:\/\/www.escapechallengemalmedy.be\/","name":"Escape Challenge","description":"Escape Rooms Malmedy - Intermills","potentialAction":[{"@type":"SearchAction","target":{"@type":"EntryPoint","urlTemplate":"https:\/\/www.escapechallengemalmedy.be\/?s={search_term_string}"},"query-input":{"@type":"PropertyValueSpecification","valueRequired":true,"valueName":"search_term_string"}}],"inLanguage":"de-DE"}]}},"publishpress_future_workflow_manual_trigger":{"enabledWorkflows":[]},"_links":{"self":[{"href":"https:\/\/www.escapechallengemalmedy.be\/de\/wp-json\/wp\/v2\/pages\/19377","targetHints":{"allow":["GET"]}}],"collection":[{"href":"https:\/\/www.escapechallengemalmedy.be\/de\/wp-json\/wp\/v2\/pages"}],"about":[{"href":"https:\/\/www.escapechallengemalmedy.be\/de\/wp-json\/wp\/v2\/types\/page"}],"author":[{"embeddable":true,"href":"https:\/\/www.escapechallengemalmedy.be\/de\/wp-json\/wp\/v2\/users\/2"}],"replies":[{"embeddable":true,"href":"https:\/\/www.escapechallengemalmedy.be\/de\/wp-json\/wp\/v2\/comments?post=19377"}],"version-history":[{"count":6,"href":"https:\/\/www.escapechallengemalmedy.be\/de\/wp-json\/wp\/v2\/pages\/19377\/revisions"}],"predecessor-version":[{"id":19649,"href":"https:\/\/www.escapechallengemalmedy.be\/de\/wp-json\/wp\/v2\/pages\/19377\/revisions\/19649"}],"wp:attachment":[{"href":"https:\/\/www.escapechallengemalmedy.be\/de\/wp-json\/wp\/v2\/media?parent=19377"}],"curies":[{"name":"wp","href":"https:\/\/api.w.org\/{rel}","templated":true}]}}